{"id":437,"date":"2025-07-23T14:33:12","date_gmt":"2025-07-23T14:33:12","guid":{"rendered":"https:\/\/aurumhome.cl\/?page_id=437"},"modified":"2025-07-23T14:35:13","modified_gmt":"2025-07-23T14:35:13","slug":"politica-de-garantia","status":"publish","type":"page","link":"https:\/\/aurumhome.cl\/index.php\/politica-de-garantia\/","title":{"rendered":"Pol\u00edtica de Garant\u00eda"},"content":{"rendered":"\t\t<div data-elementor-type=\"wp-page\" data-elementor-id=\"437\" class=\"elementor elementor-437\" data-elementor-post-type=\"page\">\n\t\t\t\t<div class=\"elementor-element elementor-element-8627778 e-flex e-con-boxed e-con e-parent\" data-id=\"8627778\" data-element_type=\"container\" data-settings=\"{&quot;background_background&quot;:&quot;classic&quot;,&quot;jet_parallax_layout_list&quot;:[]}\">\n\t\t\t\t\t<div class=\"e-con-inner\">\n\t\t\t\t<div class=\"elementor-element elementor-element-757f12c elementor-widget elementor-widget-spacer\" data-id=\"757f12c\" data-element_type=\"widget\" data-widget_type=\"spacer.default\">\n\t\t\t\t\t\t\t<div class=\"elementor-spacer\">\n\t\t\t<div class=\"elementor-spacer-inner\"><\/div>\n\t\t<\/div>\n\t\t\t\t\t\t<\/div>\n\t\t\t\t\t<\/div>\n\t\t\t\t<\/div>\n\t\t<div class=\"elementor-element elementor-element-452a3b9 e-con-full e-flex e-con e-parent\" data-id=\"452a3b9\" data-element_type=\"container\" data-settings=\"{&quot;background_background&quot;:&quot;classic&quot;,&quot;jet_parallax_layout_list&quot;:[]}\">\n\t\t\t\t<div class=\"elementor-element elementor-element-1d93994 elementor-widget elementor-widget-woocommerce-breadcrumb\" data-id=\"1d93994\" data-element_type=\"widget\" data-widget_type=\"woocommerce-breadcrumb.default\">\n\t\t\t\t\t<nav class=\"woocommerce-breadcrumb\" aria-label=\"Breadcrumb\">Inicio<\/nav>\t\t\t\t<\/div>\n\t\t\t\t<\/div>\n\t\t<div class=\"elementor-element elementor-element-9044cd1 e-con-full e-flex e-con e-parent\" data-id=\"9044cd1\" data-element_type=\"container\" data-settings=\"{&quot;jet_parallax_layout_list&quot;:[]}\">\n\t\t<div class=\"elementor-element elementor-element-d215f28 e-con-full e-flex e-con e-child\" data-id=\"d215f28\" data-element_type=\"container\" data-settings=\"{&quot;jet_parallax_layout_list&quot;:[]}\">\n\t\t\t\t<div class=\"elementor-element elementor-element-ce89ad1 elementor-widget elementor-widget-heading\" data-id=\"ce89ad1\" data-element_type=\"widget\" data-widget_type=\"heading.default\">\n\t\t\t\t\t<h2 class=\"elementor-heading-title elementor-size-default\">Pol\u00edtica de garant\u00eda<\/h2>\t\t\t\t<\/div>\n\t\t\t\t<div class=\"elementor-element elementor-element-772454d elementor-widget elementor-widget-text-editor\" data-id=\"772454d\" data-element_type=\"widget\" data-widget_type=\"text-editor.default\">\n\t\t\t\t\t\t\t\t\t<div><strong>1. COBERTURA<\/strong><\/div><div>\u00a0<\/div><div>Ofrecemos garant\u00eda de 5 d\u00edas h\u00e1biles desde la fecha de recepci\u00f3n para defectos de fabricaci\u00f3n, tales como:<\/div><div>\u2714\ufe0f Fugas en envases.<\/div><div>\u2714\ufe0f Bombas o difusores da\u00f1ados al momento de la entrega.<\/div><div>\u2714\ufe0f Velas con mechas defectuosas que impidan su uso.<\/div><div>\u00a0<\/div><div>\u2e3b<\/div><div>\u00a0<\/div><div><strong>2. EXCLUSIONES<\/strong><\/div><div>\u00a0<\/div><div>La garant\u00eda no cubre:<\/div><div>\u274c Da\u00f1os por uso inadecuado o almacenamiento incorrecto.<\/div><div>\u274c Alteraciones naturales de color, aroma o textura propias de productos artesanales.<\/div><div>\u274c Da\u00f1os por exposici\u00f3n directa a fuentes de calor, humedad o agua.<\/div><div>\u00a0<\/div><div>\u2e3b<\/div><div>\u00a0<\/div><div><strong>3. PROCEDIMIENTO PARA GARANT\u00cdA<\/strong><\/div><div>\u00a0<\/div><div>Para hacer efectiva la garant\u00eda:<\/div><div>\ud83d\udce9 Escribe a contacto@aurumhome.cl dentro del plazo indicado.<\/div><div>\ud83d\udcf8 Adjunta fotos o videos del producto defectuoso y el n\u00famero de pedido.<\/div><div>\u2705 Nuestro equipo evaluar\u00e1 el caso y te indicar\u00e1 si corresponde reposici\u00f3n o reembolso.<\/div><div>\u00a0<\/div><div>\u2e3b<\/div><div>\u00a0<\/div><div><strong>4. RECOMENDACIONES GENERALES<\/strong><\/div><div>\u00a0<\/div><div>Nuestros productos est\u00e1n dise\u00f1ados para crear ambientes armoniosos y seguros. Por favor, mantenlos fuera del alcance de ni\u00f1os y mascotas, y sigue las recomendaciones de uso en cada etiqueta.<\/div>\t\t\t\t\t\t\t\t<\/div>\n\t\t\t\t<\/div>\n\t\t\t\t<\/div>\n\t\t\t\t<\/div>\n\t\t","protected":false},"excerpt":{"rendered":"<p>Pol\u00edtica de garant\u00eda 1. COBERTURA\u00a0Ofrecemos garant\u00eda de 5 d\u00edas h\u00e1biles desde la fecha de recepci\u00f3n para defectos de fabricaci\u00f3n, tales como:\u2714\ufe0f Fugas en envases.\u2714\ufe0f Bombas o difusores da\u00f1ados al momento de la entrega.\u2714\ufe0f Velas con mechas defectuosas que impidan su uso.\u00a0\u2e3b\u00a02. EXCLUSIONES\u00a0La garant\u00eda no cubre:\u274c Da\u00f1os por uso inadecuado o almacenamiento incorrecto.\u274c Alteraciones naturales de [&hellip;]<\/p>\n","protected":false},"author":1,"featured_media":0,"parent":0,"menu_order":0,"comment_status":"closed","ping_status":"closed","template":"","meta":{"footnotes":""},"class_list":["post-437","page","type-page","status-publish","hentry"],"_links":{"self":[{"href":"https:\/\/aurumhome.cl\/index.php\/wp-json\/wp\/v2\/pages\/437","targetHints":{"allow":["GET"]}}],"collection":[{"href":"https:\/\/aurumhome.cl\/index.php\/wp-json\/wp\/v2\/pages"}],"about":[{"href":"https:\/\/aurumhome.cl\/index.php\/wp-json\/wp\/v2\/types\/page"}],"author":[{"embeddable":true,"href":"https:\/\/aurumhome.cl\/index.php\/wp-json\/wp\/v2\/users\/1"}],"replies":[{"embeddable":true,"href":"https:\/\/aurumhome.cl\/index.php\/wp-json\/wp\/v2\/comments?post=437"}],"version-history":[{"count":4,"href":"https:\/\/aurumhome.cl\/index.php\/wp-json\/wp\/v2\/pages\/437\/revisions"}],"predecessor-version":[{"id":441,"href":"https:\/\/aurumhome.cl\/index.php\/wp-json\/wp\/v2\/pages\/437\/revisions\/441"}],"wp:attachment":[{"href":"https:\/\/aurumhome.cl\/index.php\/wp-json\/wp\/v2\/media?parent=437"}],"curies":[{"name":"wp","href":"https:\/\/api.w.org\/{rel}","templated":true}]}}